{"id":23012,"date":"2022-11-21T12:31:13","date_gmt":"2022-11-21T11:31:13","guid":{"rendered":"http:\/\/localhost:10436\/prodotto\/grani-l0-specialty-el-salvador-san-franc-b250g\/"},"modified":"2025-10-22T11:10:05","modified_gmt":"2025-10-22T09:10:05","slug":"grani-l0-specialty-el-salvador-san-franc-b250g","status":"publish","type":"product","link":"https:\/\/www.7gr.it\/en\/product\/grani-l0-specialty-el-salvador-san-franc-b250g\/","title":{"rendered":"Grani L0 Specialty El Salvador San Franc B250g"},"content":{"rendered":"","protected":false},"excerpt":{"rendered":"<p>L&#8217;azienda agricola San Francisco, di propriet\u00e0 di Don Jos\u00e9 Antonio Salaverria, si trova vicino alla citt\u00e0 di La Majada, nella regione di coltivazione del caff\u00e8 di Apaneca. &#8220;Fin da bambino ho avuto la passione per la coltivazione del caff\u00e8. &#8211; dice Jos\u00e8 &#8211;\u00a0 Mi piacciono le sfide e la coltivazione del caff\u00e8 presenta sfide forti, vale la pena lavorare e cercare sempre di innovare nuove cose, mi piace anche lavorare tenendo in considerazione le componenti sociali ed ecologiche legate alla coltivazione del caff\u00e8. Sono la quinta generazione di coltivatori di caff\u00e8 nella mia famiglia e sono coinvolto nella coltivazione del caff\u00e8 da undici anni&#8221;. I caff\u00e8 crescono all&#8217;ombra degli alberi della fattoria, a un&#8217;altitudine compresa tra i 1300 e i 1650 metri sul livello del mare.<\/p>\n<p><strong>VARIETAL:<\/strong>\u00a0Bourbon.<\/p>\n<p><strong>REGIONE:<\/strong>\u00a0Ilamatepec.<\/p>\n<p><strong>FARM:<\/strong>\u00a0San Francisco.<\/p>\n<p><strong>ALTITUDINE:<\/strong>\u00a01350- 1450 m.<\/p>\n<p><strong>PROCESSO:<\/strong>\u00a0Anaerobico Naturale.<\/p>\n<p><strong>PROFILO IN TAZZA:<\/strong>\u00a0Kiwi,\u00a0melone, frutto della passione, ananas, caramello marrone chiaro, macadamia, cioccolato fondente.<\/p>\n<p><strong>Confezione da 250 g. di caff\u00e8 in grani con valvola monodirezionale.<\/strong><\/p>\n<p><strong>TOSTATO IL\u00a014\/04\/2023<\/strong><strong>\u00a0FOR FILTER\/ESPRESSO<\/strong><\/p>\n","protected":false},"featured_media":10979,"template":"","meta":{"_acf_changed":false},"product_brand":[452],"product_cat":[340,343],"product_tag":[],"class_list":{"0":"post-23012","1":"product","2":"type-product","3":"status-publish","4":"has-post-thumbnail","6":"product_brand-lot-zero","7":"product_cat-coffee","8":"product_cat-specialty-coffee-lot-zero-en","9":"wcpa_has_options","11":"first","12":"outofstock","13":"taxable","14":"shipping-taxable","15":"purchasable","16":"product-type-simple"},"acf":[],"yoast_head":"<!-- This site is optimized with the Yoast SEO plugin v27.2 - https:\/\/yoast.com\/product\/yoast-seo-wordpress\/ -->\n<title>Grani L0 Specialty El Salvador San Franc B250g - 7Gr. For espresso lovers only<\/title>\n<meta name=\"robots\" content=\"index, follow, max-snippet:-1, max-image-preview:large, max-video-preview:-1\" \/>\n<link rel=\"canonical\" href=\"https:\/\/www.7gr.it\/en\/product\/grani-l0-specialty-el-salvador-san-franc-b250g\/\" \/>\n<meta property=\"og:locale\" content=\"en_US\" \/>\n<meta property=\"og:type\" content=\"article\" \/>\n<meta property=\"og:title\" content=\"Grani L0 Specialty El Salvador San Franc B250g - 7Gr. For espresso lovers only\" \/>\n<meta property=\"og:description\" content=\"L&#039;azienda agricola San Francisco, di propriet\u00e0 di Don Jos\u00e9 Antonio Salaverria, si trova vicino alla citt\u00e0 di La Majada, nella regione di coltivazione del caff\u00e8 di Apaneca. &quot;Fin da bambino ho avuto la passione per la coltivazione del caff\u00e8. - dice Jos\u00e8 -\u00a0 Mi piacciono le sfide e la coltivazione del caff\u00e8 presenta sfide forti, vale la pena lavorare e cercare sempre di innovare nuove cose, mi piace anche lavorare tenendo in considerazione le componenti sociali ed ecologiche legate alla coltivazione del caff\u00e8. Sono la quinta generazione di coltivatori di caff\u00e8 nella mia famiglia e sono coinvolto nella coltivazione del caff\u00e8 da undici anni&quot;. I caff\u00e8 crescono all&#039;ombra degli alberi della fattoria, a un&#039;altitudine compresa tra i 1300 e i 1650 metri sul livello del mare.  VARIETAL:\u00a0Bourbon.  REGIONE:\u00a0Ilamatepec.  FARM:\u00a0San Francisco.  ALTITUDINE:\u00a01350- 1450 m.  PROCESSO:\u00a0Anaerobico Naturale.  PROFILO IN TAZZA:\u00a0Kiwi,\u00a0melone, frutto della passione, ananas, caramello marrone chiaro, macadamia, cioccolato fondente.  Confezione da 250 g. di caff\u00e8 in grani con valvola monodirezionale.  TOSTATO IL\u00a014\/04\/2023\u00a0FOR FILTER\/ESPRESSO\" \/>\n<meta property=\"og:url\" content=\"https:\/\/www.7gr.it\/en\/product\/grani-l0-specialty-el-salvador-san-franc-b250g\/\" \/>\n<meta property=\"og:site_name\" content=\"7Gr. For espresso lovers only\" \/>\n<meta property=\"article:publisher\" content=\"https:\/\/www.facebook.com\/settegrammi\" \/>\n<meta property=\"article:modified_time\" content=\"2025-10-22T09:10:05+00:00\" \/>\n<meta property=\"og:image\" content=\"https:\/\/www.7gr.it\/wp-content\/uploads\/2022\/11\/474-thickbox_default-Grani-L0-Specialty-El-Salvador-San-Franc-B250g.jpg\" \/>\n\t<meta property=\"og:image:width\" content=\"800\" \/>\n\t<meta property=\"og:image:height\" content=\"800\" \/>\n\t<meta property=\"og:image:type\" content=\"image\/jpeg\" \/>\n<meta name=\"twitter:card\" content=\"summary_large_image\" \/>\n<meta name=\"twitter:label1\" content=\"Est. reading time\" \/>\n\t<meta name=\"twitter:data1\" content=\"1 minute\" \/>\n<script type=\"application\/ld+json\" class=\"yoast-schema-graph\">{\"@context\":\"https:\/\/schema.org\",\"@graph\":[{\"@type\":\"WebPage\",\"@id\":\"https:\/\/www.7gr.it\/en\/product\/grani-l0-specialty-el-salvador-san-franc-b250g\/\",\"url\":\"https:\/\/www.7gr.it\/en\/product\/grani-l0-specialty-el-salvador-san-franc-b250g\/\",\"name\":\"Grani L0 Specialty El Salvador San Franc B250g - 7Gr. For espresso lovers only\",\"isPartOf\":{\"@id\":\"https:\/\/www.7gr.it\/en\/#website\"},\"primaryImageOfPage\":{\"@id\":\"https:\/\/www.7gr.it\/en\/product\/grani-l0-specialty-el-salvador-san-franc-b250g\/#primaryimage\"},\"image\":{\"@id\":\"https:\/\/www.7gr.it\/en\/product\/grani-l0-specialty-el-salvador-san-franc-b250g\/#primaryimage\"},\"thumbnailUrl\":\"https:\/\/www.7gr.it\/wp-content\/uploads\/2022\/11\/474-thickbox_default-Grani-L0-Specialty-El-Salvador-San-Franc-B250g.jpg\",\"datePublished\":\"2022-11-21T11:31:13+00:00\",\"dateModified\":\"2025-10-22T09:10:05+00:00\",\"breadcrumb\":{\"@id\":\"https:\/\/www.7gr.it\/en\/product\/grani-l0-specialty-el-salvador-san-franc-b250g\/#breadcrumb\"},\"inLanguage\":\"en-US\",\"potentialAction\":[{\"@type\":\"ReadAction\",\"target\":[\"https:\/\/www.7gr.it\/en\/product\/grani-l0-specialty-el-salvador-san-franc-b250g\/\"]}]},{\"@type\":\"ImageObject\",\"inLanguage\":\"en-US\",\"@id\":\"https:\/\/www.7gr.it\/en\/product\/grani-l0-specialty-el-salvador-san-franc-b250g\/#primaryimage\",\"url\":\"https:\/\/www.7gr.it\/wp-content\/uploads\/2022\/11\/474-thickbox_default-Grani-L0-Specialty-El-Salvador-San-Franc-B250g.jpg\",\"contentUrl\":\"https:\/\/www.7gr.it\/wp-content\/uploads\/2022\/11\/474-thickbox_default-Grani-L0-Specialty-El-Salvador-San-Franc-B250g.jpg\",\"width\":800,\"height\":800,\"caption\":\"Grani L0 Specialty El Salvador San Franc B250g\"},{\"@type\":\"BreadcrumbList\",\"@id\":\"https:\/\/www.7gr.it\/en\/product\/grani-l0-specialty-el-salvador-san-franc-b250g\/#breadcrumb\",\"itemListElement\":[{\"@type\":\"ListItem\",\"position\":1,\"name\":\"Home\",\"item\":\"https:\/\/www.7gr.it\/en\/\"},{\"@type\":\"ListItem\",\"position\":2,\"name\":\"Shop\",\"item\":\"https:\/\/www.7gr.it\/negozio\/\"},{\"@type\":\"ListItem\",\"position\":3,\"name\":\"Grani L0 Specialty El Salvador San Franc B250g\"}]},{\"@type\":\"WebSite\",\"@id\":\"https:\/\/www.7gr.it\/en\/#website\",\"url\":\"https:\/\/www.7gr.it\/en\/\",\"name\":\"7Gr. For espresso lovers only\",\"description\":\"For espresso lovers only\",\"publisher\":{\"@id\":\"https:\/\/www.7gr.it\/en\/#organization\"},\"potentialAction\":[{\"@type\":\"SearchAction\",\"target\":{\"@type\":\"EntryPoint\",\"urlTemplate\":\"https:\/\/www.7gr.it\/en\/?s={search_term_string}\"},\"query-input\":{\"@type\":\"PropertyValueSpecification\",\"valueRequired\":true,\"valueName\":\"search_term_string\"}}],\"inLanguage\":\"en-US\"},{\"@type\":\"Organization\",\"@id\":\"https:\/\/www.7gr.it\/en\/#organization\",\"name\":\"7Gr. For espresso lovers only\",\"url\":\"https:\/\/www.7gr.it\/en\/\",\"logo\":{\"@type\":\"ImageObject\",\"inLanguage\":\"en-US\",\"@id\":\"https:\/\/www.7gr.it\/en\/#\/schema\/logo\/image\/\",\"url\":\"https:\/\/www.7gr.it\/wp-content\/uploads\/2020\/02\/LOGO-7GR-POS-e1584303715924.png\",\"contentUrl\":\"https:\/\/www.7gr.it\/wp-content\/uploads\/2020\/02\/LOGO-7GR-POS-e1584303715924.png\",\"width\":115,\"height\":44,\"caption\":\"7Gr. For espresso lovers only\"},\"image\":{\"@id\":\"https:\/\/www.7gr.it\/en\/#\/schema\/logo\/image\/\"},\"sameAs\":[\"https:\/\/www.facebook.com\/settegrammi\",\"https:\/\/www.instagram.com\/sevengrams\/\"]}]}<\/script>\n<!-- \/ Yoast SEO plugin. -->","yoast_head_json":{"title":"Grani L0 Specialty El Salvador San Franc B250g - 7Gr. For espresso lovers only","robots":{"index":"index","follow":"follow","max-snippet":"max-snippet:-1","max-image-preview":"max-image-preview:large","max-video-preview":"max-video-preview:-1"},"canonical":"https:\/\/www.7gr.it\/en\/product\/grani-l0-specialty-el-salvador-san-franc-b250g\/","og_locale":"en_US","og_type":"article","og_title":"Grani L0 Specialty El Salvador San Franc B250g - 7Gr. For espresso lovers only","og_description":"L'azienda agricola San Francisco, di propriet\u00e0 di Don Jos\u00e9 Antonio Salaverria, si trova vicino alla citt\u00e0 di La Majada, nella regione di coltivazione del caff\u00e8 di Apaneca. \"Fin da bambino ho avuto la passione per la coltivazione del caff\u00e8. - dice Jos\u00e8 -\u00a0 Mi piacciono le sfide e la coltivazione del caff\u00e8 presenta sfide forti, vale la pena lavorare e cercare sempre di innovare nuove cose, mi piace anche lavorare tenendo in considerazione le componenti sociali ed ecologiche legate alla coltivazione del caff\u00e8. Sono la quinta generazione di coltivatori di caff\u00e8 nella mia famiglia e sono coinvolto nella coltivazione del caff\u00e8 da undici anni\". I caff\u00e8 crescono all'ombra degli alberi della fattoria, a un'altitudine compresa tra i 1300 e i 1650 metri sul livello del mare.  VARIETAL:\u00a0Bourbon.  REGIONE:\u00a0Ilamatepec.  FARM:\u00a0San Francisco.  ALTITUDINE:\u00a01350- 1450 m.  PROCESSO:\u00a0Anaerobico Naturale.  PROFILO IN TAZZA:\u00a0Kiwi,\u00a0melone, frutto della passione, ananas, caramello marrone chiaro, macadamia, cioccolato fondente.  Confezione da 250 g. di caff\u00e8 in grani con valvola monodirezionale.  TOSTATO IL\u00a014\/04\/2023\u00a0FOR FILTER\/ESPRESSO","og_url":"https:\/\/www.7gr.it\/en\/product\/grani-l0-specialty-el-salvador-san-franc-b250g\/","og_site_name":"7Gr. For espresso lovers only","article_publisher":"https:\/\/www.facebook.com\/settegrammi","article_modified_time":"2025-10-22T09:10:05+00:00","og_image":[{"width":800,"height":800,"url":"https:\/\/www.7gr.it\/wp-content\/uploads\/2022\/11\/474-thickbox_default-Grani-L0-Specialty-El-Salvador-San-Franc-B250g.jpg","type":"image\/jpeg"}],"twitter_card":"summary_large_image","twitter_misc":{"Est. reading time":"1 minute"},"schema":{"@context":"https:\/\/schema.org","@graph":[{"@type":"WebPage","@id":"https:\/\/www.7gr.it\/en\/product\/grani-l0-specialty-el-salvador-san-franc-b250g\/","url":"https:\/\/www.7gr.it\/en\/product\/grani-l0-specialty-el-salvador-san-franc-b250g\/","name":"Grani L0 Specialty El Salvador San Franc B250g - 7Gr. For espresso lovers only","isPartOf":{"@id":"https:\/\/www.7gr.it\/en\/#website"},"primaryImageOfPage":{"@id":"https:\/\/www.7gr.it\/en\/product\/grani-l0-specialty-el-salvador-san-franc-b250g\/#primaryimage"},"image":{"@id":"https:\/\/www.7gr.it\/en\/product\/grani-l0-specialty-el-salvador-san-franc-b250g\/#primaryimage"},"thumbnailUrl":"https:\/\/www.7gr.it\/wp-content\/uploads\/2022\/11\/474-thickbox_default-Grani-L0-Specialty-El-Salvador-San-Franc-B250g.jpg","datePublished":"2022-11-21T11:31:13+00:00","dateModified":"2025-10-22T09:10:05+00:00","breadcrumb":{"@id":"https:\/\/www.7gr.it\/en\/product\/grani-l0-specialty-el-salvador-san-franc-b250g\/#breadcrumb"},"inLanguage":"en-US","potentialAction":[{"@type":"ReadAction","target":["https:\/\/www.7gr.it\/en\/product\/grani-l0-specialty-el-salvador-san-franc-b250g\/"]}]},{"@type":"ImageObject","inLanguage":"en-US","@id":"https:\/\/www.7gr.it\/en\/product\/grani-l0-specialty-el-salvador-san-franc-b250g\/#primaryimage","url":"https:\/\/www.7gr.it\/wp-content\/uploads\/2022\/11\/474-thickbox_default-Grani-L0-Specialty-El-Salvador-San-Franc-B250g.jpg","contentUrl":"https:\/\/www.7gr.it\/wp-content\/uploads\/2022\/11\/474-thickbox_default-Grani-L0-Specialty-El-Salvador-San-Franc-B250g.jpg","width":800,"height":800,"caption":"Grani L0 Specialty El Salvador San Franc B250g"},{"@type":"BreadcrumbList","@id":"https:\/\/www.7gr.it\/en\/product\/grani-l0-specialty-el-salvador-san-franc-b250g\/#breadcrumb","itemListElement":[{"@type":"ListItem","position":1,"name":"Home","item":"https:\/\/www.7gr.it\/en\/"},{"@type":"ListItem","position":2,"name":"Shop","item":"https:\/\/www.7gr.it\/negozio\/"},{"@type":"ListItem","position":3,"name":"Grani L0 Specialty El Salvador San Franc B250g"}]},{"@type":"WebSite","@id":"https:\/\/www.7gr.it\/en\/#website","url":"https:\/\/www.7gr.it\/en\/","name":"7Gr. For espresso lovers only","description":"For espresso lovers only","publisher":{"@id":"https:\/\/www.7gr.it\/en\/#organization"},"potentialAction":[{"@type":"SearchAction","target":{"@type":"EntryPoint","urlTemplate":"https:\/\/www.7gr.it\/en\/?s={search_term_string}"},"query-input":{"@type":"PropertyValueSpecification","valueRequired":true,"valueName":"search_term_string"}}],"inLanguage":"en-US"},{"@type":"Organization","@id":"https:\/\/www.7gr.it\/en\/#organization","name":"7Gr. For espresso lovers only","url":"https:\/\/www.7gr.it\/en\/","logo":{"@type":"ImageObject","inLanguage":"en-US","@id":"https:\/\/www.7gr.it\/en\/#\/schema\/logo\/image\/","url":"https:\/\/www.7gr.it\/wp-content\/uploads\/2020\/02\/LOGO-7GR-POS-e1584303715924.png","contentUrl":"https:\/\/www.7gr.it\/wp-content\/uploads\/2020\/02\/LOGO-7GR-POS-e1584303715924.png","width":115,"height":44,"caption":"7Gr. For espresso lovers only"},"image":{"@id":"https:\/\/www.7gr.it\/en\/#\/schema\/logo\/image\/"},"sameAs":["https:\/\/www.facebook.com\/settegrammi","https:\/\/www.instagram.com\/sevengrams\/"]}]}},"_links":{"self":[{"href":"https:\/\/www.7gr.it\/en\/wp-json\/wp\/v2\/product\/23012","targetHints":{"allow":["GET"]}}],"collection":[{"href":"https:\/\/www.7gr.it\/en\/wp-json\/wp\/v2\/product"}],"about":[{"href":"https:\/\/www.7gr.it\/en\/wp-json\/wp\/v2\/types\/product"}],"version-history":[{"count":1,"href":"https:\/\/www.7gr.it\/en\/wp-json\/wp\/v2\/product\/23012\/revisions"}],"predecessor-version":[{"id":23013,"href":"https:\/\/www.7gr.it\/en\/wp-json\/wp\/v2\/product\/23012\/revisions\/23013"}],"wp:featuredmedia":[{"embeddable":true,"href":"https:\/\/www.7gr.it\/en\/wp-json\/wp\/v2\/media\/10979"}],"wp:attachment":[{"href":"https:\/\/www.7gr.it\/en\/wp-json\/wp\/v2\/media?parent=23012"}],"wp:term":[{"taxonomy":"product_brand","embeddable":true,"href":"https:\/\/www.7gr.it\/en\/wp-json\/wp\/v2\/product_brand?post=23012"},{"taxonomy":"product_cat","embeddable":true,"href":"https:\/\/www.7gr.it\/en\/wp-json\/wp\/v2\/product_cat?post=23012"},{"taxonomy":"product_tag","embeddable":true,"href":"https:\/\/www.7gr.it\/en\/wp-json\/wp\/v2\/product_tag?post=23012"}],"curies":[{"name":"wp","href":"https:\/\/api.w.org\/{rel}","templated":true}]}}