{"id":23004,"date":"2022-10-12T14:31:02","date_gmt":"2022-10-12T12:31:02","guid":{"rendered":"http:\/\/localhost:10436\/prodotto\/grani-l0-specialty-costa-rica-molina-bus-250gr\/"},"modified":"2025-10-22T10:10:52","modified_gmt":"2025-10-22T08:10:52","slug":"grani-l0-specialty-costa-rica-molina-bus-250gr","status":"publish","type":"product","link":"https:\/\/www.7gr.it\/en\/product\/grani-l0-specialty-costa-rica-molina-bus-250gr\/","title":{"rendered":"Grani L0 Specialty Costa Rica Molina Bus 250gr"},"content":{"rendered":"","protected":false},"excerpt":{"rendered":"<p>La Finca Francisco Molina cresce nel distretto di Tarraz\u00fa a 1780 metri sul livello del mare in Costarica di propriet\u00e0 di Francisco Molina, che ha imparato tutto sul commercio del caff\u00e8 da suo padre, Miguel Molina.<br \/>\nFrancisco addestra i suoi dodici raccoglitori di caff\u00e8 per raccogliere solo le ciliegie pi\u00f9 mature.<br \/>\nIl processo utilizzato nella fattoria \u00e8 molto specifico:la ciliegia di caff\u00e8 viene aggiunta ai serbatoi in acciaio inox con tutta la mucillagine che contiene. I serbatoi sono ermetici e l&#8217;assenza di ossigeno stimola un processo di fermentazione termica. Il processo sviluppa una serie acidi unici, come il lattico e malico che si tramuteranno in flavour complessi. Una volta pronto<br \/>\nil caff\u00e8 viene essiccato al sole al 100% conferendo al caff\u00e8 aromi che ricordano la liquirizia e sentori di frutta rossa matura.<\/p>\n<p><strong>VARIETAL<\/strong>: Red Catuai.<\/p>\n<p><strong>REGIONE<\/strong>: San Ramon.<\/p>\n<p><strong>FARM<\/strong>:\u00a0Francisco Molina.<\/p>\n<p><strong>ALTITUDINE<\/strong>:\u00a01780 m.<\/p>\n<p><strong>PROCESSO<\/strong>: Fermentazione termica.<\/p>\n<p><strong>PROFILO IN TAZZA<\/strong>:\u00a0Frutti rossi maturi, bacche, liquirizia, spezie, balsamico, ciliegia, fragola, vaniglia.<\/p>\n<p><strong>Confezione da 250 g. di caff\u00e8 in grani con valvola monodirezionale.<\/strong><\/p>\n<p><strong>TOSTATO IL\u00a014\/04\/2023\u00a0\u00a0PER FILTRO\/ESPRESSO<\/strong><\/p>\n","protected":false},"featured_media":10647,"template":"","meta":{"_acf_changed":false},"product_brand":[452],"product_cat":[340,343],"product_tag":[],"class_list":{"0":"post-23004","1":"product","2":"type-product","3":"status-publish","4":"has-post-thumbnail","6":"product_brand-lot-zero","7":"product_cat-coffee","8":"product_cat-specialty-coffee-lot-zero-en","9":"wcpa_has_options","11":"first","12":"outofstock","13":"taxable","14":"shipping-taxable","15":"purchasable","16":"product-type-simple"},"acf":[],"yoast_head":"<!-- This site is optimized with the Yoast SEO plugin v27.2 - https:\/\/yoast.com\/product\/yoast-seo-wordpress\/ -->\n<title>Grani L0 Specialty Costa Rica Molina Bus 250gr - 7Gr. For espresso lovers only<\/title>\n<meta name=\"robots\" content=\"index, follow, max-snippet:-1, max-image-preview:large, max-video-preview:-1\" \/>\n<link rel=\"canonical\" href=\"https:\/\/www.7gr.it\/en\/product\/grani-l0-specialty-costa-rica-molina-bus-250gr\/\" \/>\n<meta property=\"og:locale\" content=\"en_US\" \/>\n<meta property=\"og:type\" content=\"article\" \/>\n<meta property=\"og:title\" content=\"Grani L0 Specialty Costa Rica Molina Bus 250gr - 7Gr. For espresso lovers only\" \/>\n<meta property=\"og:description\" content=\"La Finca Francisco Molina cresce nel distretto di Tarraz\u00fa a 1780 metri sul livello del mare in Costarica di propriet\u00e0 di Francisco Molina, che ha imparato tutto sul commercio del caff\u00e8 da suo padre, Miguel Molina. Francisco addestra i suoi dodici raccoglitori di caff\u00e8 per raccogliere solo le ciliegie pi\u00f9 mature. Il processo utilizzato nella fattoria \u00e8 molto specifico:la ciliegia di caff\u00e8 viene aggiunta ai serbatoi in acciaio inox con tutta la mucillagine che contiene. I serbatoi sono ermetici e l&#039;assenza di ossigeno stimola un processo di fermentazione termica. Il processo sviluppa una serie acidi unici, come il lattico e malico che si tramuteranno in flavour complessi. Una volta pronto il caff\u00e8 viene essiccato al sole al 100% conferendo al caff\u00e8 aromi che ricordano la liquirizia e sentori di frutta rossa matura.  VARIETAL: Red Catuai.  REGIONE: San Ramon.  FARM:\u00a0Francisco Molina.  ALTITUDINE:\u00a01780 m.  PROCESSO: Fermentazione termica.  PROFILO IN TAZZA:\u00a0Frutti rossi maturi, bacche, liquirizia, spezie, balsamico, ciliegia, fragola, vaniglia.  Confezione da 250 g. di caff\u00e8 in grani con valvola monodirezionale.  TOSTATO IL\u00a014\/04\/2023\u00a0\u00a0PER FILTRO\/ESPRESSO\" \/>\n<meta property=\"og:url\" content=\"https:\/\/www.7gr.it\/en\/product\/grani-l0-specialty-costa-rica-molina-bus-250gr\/\" \/>\n<meta property=\"og:site_name\" content=\"7Gr. For espresso lovers only\" \/>\n<meta property=\"article:publisher\" content=\"https:\/\/www.facebook.com\/settegrammi\" \/>\n<meta property=\"article:modified_time\" content=\"2025-10-22T08:10:52+00:00\" \/>\n<meta property=\"og:image\" content=\"https:\/\/www.7gr.it\/wp-content\/uploads\/2022\/10\/412-thickbox_default-Grani-L0-Specialty-Costa-Rica-Molina-Bus-250gr.jpg\" \/>\n\t<meta property=\"og:image:width\" content=\"800\" \/>\n\t<meta property=\"og:image:height\" content=\"800\" \/>\n\t<meta property=\"og:image:type\" content=\"image\/jpeg\" \/>\n<meta name=\"twitter:card\" content=\"summary_large_image\" \/>\n<meta name=\"twitter:label1\" content=\"Est. reading time\" \/>\n\t<meta name=\"twitter:data1\" content=\"1 minute\" \/>\n<script type=\"application\/ld+json\" class=\"yoast-schema-graph\">{\"@context\":\"https:\/\/schema.org\",\"@graph\":[{\"@type\":\"WebPage\",\"@id\":\"https:\/\/www.7gr.it\/en\/product\/grani-l0-specialty-costa-rica-molina-bus-250gr\/\",\"url\":\"https:\/\/www.7gr.it\/en\/product\/grani-l0-specialty-costa-rica-molina-bus-250gr\/\",\"name\":\"Grani L0 Specialty Costa Rica Molina Bus 250gr - 7Gr. For espresso lovers only\",\"isPartOf\":{\"@id\":\"https:\/\/www.7gr.it\/en\/#website\"},\"primaryImageOfPage\":{\"@id\":\"https:\/\/www.7gr.it\/en\/product\/grani-l0-specialty-costa-rica-molina-bus-250gr\/#primaryimage\"},\"image\":{\"@id\":\"https:\/\/www.7gr.it\/en\/product\/grani-l0-specialty-costa-rica-molina-bus-250gr\/#primaryimage\"},\"thumbnailUrl\":\"https:\/\/www.7gr.it\/wp-content\/uploads\/2022\/10\/412-thickbox_default-Grani-L0-Specialty-Costa-Rica-Molina-Bus-250gr.jpg\",\"datePublished\":\"2022-10-12T12:31:02+00:00\",\"dateModified\":\"2025-10-22T08:10:52+00:00\",\"breadcrumb\":{\"@id\":\"https:\/\/www.7gr.it\/en\/product\/grani-l0-specialty-costa-rica-molina-bus-250gr\/#breadcrumb\"},\"inLanguage\":\"en-US\",\"potentialAction\":[{\"@type\":\"ReadAction\",\"target\":[\"https:\/\/www.7gr.it\/en\/product\/grani-l0-specialty-costa-rica-molina-bus-250gr\/\"]}]},{\"@type\":\"ImageObject\",\"inLanguage\":\"en-US\",\"@id\":\"https:\/\/www.7gr.it\/en\/product\/grani-l0-specialty-costa-rica-molina-bus-250gr\/#primaryimage\",\"url\":\"https:\/\/www.7gr.it\/wp-content\/uploads\/2022\/10\/412-thickbox_default-Grani-L0-Specialty-Costa-Rica-Molina-Bus-250gr.jpg\",\"contentUrl\":\"https:\/\/www.7gr.it\/wp-content\/uploads\/2022\/10\/412-thickbox_default-Grani-L0-Specialty-Costa-Rica-Molina-Bus-250gr.jpg\",\"width\":800,\"height\":800,\"caption\":\"Grani L0 Specialty Costa Rica Molina Bus 250gr\"},{\"@type\":\"BreadcrumbList\",\"@id\":\"https:\/\/www.7gr.it\/en\/product\/grani-l0-specialty-costa-rica-molina-bus-250gr\/#breadcrumb\",\"itemListElement\":[{\"@type\":\"ListItem\",\"position\":1,\"name\":\"Home\",\"item\":\"https:\/\/www.7gr.it\/en\/\"},{\"@type\":\"ListItem\",\"position\":2,\"name\":\"Shop\",\"item\":\"https:\/\/www.7gr.it\/negozio\/\"},{\"@type\":\"ListItem\",\"position\":3,\"name\":\"Grani L0 Specialty Costa Rica Molina Bus 250gr\"}]},{\"@type\":\"WebSite\",\"@id\":\"https:\/\/www.7gr.it\/en\/#website\",\"url\":\"https:\/\/www.7gr.it\/en\/\",\"name\":\"7Gr. For espresso lovers only\",\"description\":\"For espresso lovers only\",\"publisher\":{\"@id\":\"https:\/\/www.7gr.it\/en\/#organization\"},\"potentialAction\":[{\"@type\":\"SearchAction\",\"target\":{\"@type\":\"EntryPoint\",\"urlTemplate\":\"https:\/\/www.7gr.it\/en\/?s={search_term_string}\"},\"query-input\":{\"@type\":\"PropertyValueSpecification\",\"valueRequired\":true,\"valueName\":\"search_term_string\"}}],\"inLanguage\":\"en-US\"},{\"@type\":\"Organization\",\"@id\":\"https:\/\/www.7gr.it\/en\/#organization\",\"name\":\"7Gr. For espresso lovers only\",\"url\":\"https:\/\/www.7gr.it\/en\/\",\"logo\":{\"@type\":\"ImageObject\",\"inLanguage\":\"en-US\",\"@id\":\"https:\/\/www.7gr.it\/en\/#\/schema\/logo\/image\/\",\"url\":\"https:\/\/www.7gr.it\/wp-content\/uploads\/2020\/02\/LOGO-7GR-POS-e1584303715924.png\",\"contentUrl\":\"https:\/\/www.7gr.it\/wp-content\/uploads\/2020\/02\/LOGO-7GR-POS-e1584303715924.png\",\"width\":115,\"height\":44,\"caption\":\"7Gr. For espresso lovers only\"},\"image\":{\"@id\":\"https:\/\/www.7gr.it\/en\/#\/schema\/logo\/image\/\"},\"sameAs\":[\"https:\/\/www.facebook.com\/settegrammi\",\"https:\/\/www.instagram.com\/sevengrams\/\"]}]}<\/script>\n<!-- \/ Yoast SEO plugin. -->","yoast_head_json":{"title":"Grani L0 Specialty Costa Rica Molina Bus 250gr - 7Gr. For espresso lovers only","robots":{"index":"index","follow":"follow","max-snippet":"max-snippet:-1","max-image-preview":"max-image-preview:large","max-video-preview":"max-video-preview:-1"},"canonical":"https:\/\/www.7gr.it\/en\/product\/grani-l0-specialty-costa-rica-molina-bus-250gr\/","og_locale":"en_US","og_type":"article","og_title":"Grani L0 Specialty Costa Rica Molina Bus 250gr - 7Gr. For espresso lovers only","og_description":"La Finca Francisco Molina cresce nel distretto di Tarraz\u00fa a 1780 metri sul livello del mare in Costarica di propriet\u00e0 di Francisco Molina, che ha imparato tutto sul commercio del caff\u00e8 da suo padre, Miguel Molina. Francisco addestra i suoi dodici raccoglitori di caff\u00e8 per raccogliere solo le ciliegie pi\u00f9 mature. Il processo utilizzato nella fattoria \u00e8 molto specifico:la ciliegia di caff\u00e8 viene aggiunta ai serbatoi in acciaio inox con tutta la mucillagine che contiene. I serbatoi sono ermetici e l'assenza di ossigeno stimola un processo di fermentazione termica. Il processo sviluppa una serie acidi unici, come il lattico e malico che si tramuteranno in flavour complessi. Una volta pronto il caff\u00e8 viene essiccato al sole al 100% conferendo al caff\u00e8 aromi che ricordano la liquirizia e sentori di frutta rossa matura.  VARIETAL: Red Catuai.  REGIONE: San Ramon.  FARM:\u00a0Francisco Molina.  ALTITUDINE:\u00a01780 m.  PROCESSO: Fermentazione termica.  PROFILO IN TAZZA:\u00a0Frutti rossi maturi, bacche, liquirizia, spezie, balsamico, ciliegia, fragola, vaniglia.  Confezione da 250 g. di caff\u00e8 in grani con valvola monodirezionale.  TOSTATO IL\u00a014\/04\/2023\u00a0\u00a0PER FILTRO\/ESPRESSO","og_url":"https:\/\/www.7gr.it\/en\/product\/grani-l0-specialty-costa-rica-molina-bus-250gr\/","og_site_name":"7Gr. For espresso lovers only","article_publisher":"https:\/\/www.facebook.com\/settegrammi","article_modified_time":"2025-10-22T08:10:52+00:00","og_image":[{"width":800,"height":800,"url":"https:\/\/www.7gr.it\/wp-content\/uploads\/2022\/10\/412-thickbox_default-Grani-L0-Specialty-Costa-Rica-Molina-Bus-250gr.jpg","type":"image\/jpeg"}],"twitter_card":"summary_large_image","twitter_misc":{"Est. reading time":"1 minute"},"schema":{"@context":"https:\/\/schema.org","@graph":[{"@type":"WebPage","@id":"https:\/\/www.7gr.it\/en\/product\/grani-l0-specialty-costa-rica-molina-bus-250gr\/","url":"https:\/\/www.7gr.it\/en\/product\/grani-l0-specialty-costa-rica-molina-bus-250gr\/","name":"Grani L0 Specialty Costa Rica Molina Bus 250gr - 7Gr. For espresso lovers only","isPartOf":{"@id":"https:\/\/www.7gr.it\/en\/#website"},"primaryImageOfPage":{"@id":"https:\/\/www.7gr.it\/en\/product\/grani-l0-specialty-costa-rica-molina-bus-250gr\/#primaryimage"},"image":{"@id":"https:\/\/www.7gr.it\/en\/product\/grani-l0-specialty-costa-rica-molina-bus-250gr\/#primaryimage"},"thumbnailUrl":"https:\/\/www.7gr.it\/wp-content\/uploads\/2022\/10\/412-thickbox_default-Grani-L0-Specialty-Costa-Rica-Molina-Bus-250gr.jpg","datePublished":"2022-10-12T12:31:02+00:00","dateModified":"2025-10-22T08:10:52+00:00","breadcrumb":{"@id":"https:\/\/www.7gr.it\/en\/product\/grani-l0-specialty-costa-rica-molina-bus-250gr\/#breadcrumb"},"inLanguage":"en-US","potentialAction":[{"@type":"ReadAction","target":["https:\/\/www.7gr.it\/en\/product\/grani-l0-specialty-costa-rica-molina-bus-250gr\/"]}]},{"@type":"ImageObject","inLanguage":"en-US","@id":"https:\/\/www.7gr.it\/en\/product\/grani-l0-specialty-costa-rica-molina-bus-250gr\/#primaryimage","url":"https:\/\/www.7gr.it\/wp-content\/uploads\/2022\/10\/412-thickbox_default-Grani-L0-Specialty-Costa-Rica-Molina-Bus-250gr.jpg","contentUrl":"https:\/\/www.7gr.it\/wp-content\/uploads\/2022\/10\/412-thickbox_default-Grani-L0-Specialty-Costa-Rica-Molina-Bus-250gr.jpg","width":800,"height":800,"caption":"Grani L0 Specialty Costa Rica Molina Bus 250gr"},{"@type":"BreadcrumbList","@id":"https:\/\/www.7gr.it\/en\/product\/grani-l0-specialty-costa-rica-molina-bus-250gr\/#breadcrumb","itemListElement":[{"@type":"ListItem","position":1,"name":"Home","item":"https:\/\/www.7gr.it\/en\/"},{"@type":"ListItem","position":2,"name":"Shop","item":"https:\/\/www.7gr.it\/negozio\/"},{"@type":"ListItem","position":3,"name":"Grani L0 Specialty Costa Rica Molina Bus 250gr"}]},{"@type":"WebSite","@id":"https:\/\/www.7gr.it\/en\/#website","url":"https:\/\/www.7gr.it\/en\/","name":"7Gr. For espresso lovers only","description":"For espresso lovers only","publisher":{"@id":"https:\/\/www.7gr.it\/en\/#organization"},"potentialAction":[{"@type":"SearchAction","target":{"@type":"EntryPoint","urlTemplate":"https:\/\/www.7gr.it\/en\/?s={search_term_string}"},"query-input":{"@type":"PropertyValueSpecification","valueRequired":true,"valueName":"search_term_string"}}],"inLanguage":"en-US"},{"@type":"Organization","@id":"https:\/\/www.7gr.it\/en\/#organization","name":"7Gr. For espresso lovers only","url":"https:\/\/www.7gr.it\/en\/","logo":{"@type":"ImageObject","inLanguage":"en-US","@id":"https:\/\/www.7gr.it\/en\/#\/schema\/logo\/image\/","url":"https:\/\/www.7gr.it\/wp-content\/uploads\/2020\/02\/LOGO-7GR-POS-e1584303715924.png","contentUrl":"https:\/\/www.7gr.it\/wp-content\/uploads\/2020\/02\/LOGO-7GR-POS-e1584303715924.png","width":115,"height":44,"caption":"7Gr. For espresso lovers only"},"image":{"@id":"https:\/\/www.7gr.it\/en\/#\/schema\/logo\/image\/"},"sameAs":["https:\/\/www.facebook.com\/settegrammi","https:\/\/www.instagram.com\/sevengrams\/"]}]}},"_links":{"self":[{"href":"https:\/\/www.7gr.it\/en\/wp-json\/wp\/v2\/product\/23004","targetHints":{"allow":["GET"]}}],"collection":[{"href":"https:\/\/www.7gr.it\/en\/wp-json\/wp\/v2\/product"}],"about":[{"href":"https:\/\/www.7gr.it\/en\/wp-json\/wp\/v2\/types\/product"}],"version-history":[{"count":2,"href":"https:\/\/www.7gr.it\/en\/wp-json\/wp\/v2\/product\/23004\/revisions"}],"predecessor-version":[{"id":32623,"href":"https:\/\/www.7gr.it\/en\/wp-json\/wp\/v2\/product\/23004\/revisions\/32623"}],"wp:featuredmedia":[{"embeddable":true,"href":"https:\/\/www.7gr.it\/en\/wp-json\/wp\/v2\/media\/10647"}],"wp:attachment":[{"href":"https:\/\/www.7gr.it\/en\/wp-json\/wp\/v2\/media?parent=23004"}],"wp:term":[{"taxonomy":"product_brand","embeddable":true,"href":"https:\/\/www.7gr.it\/en\/wp-json\/wp\/v2\/product_brand?post=23004"},{"taxonomy":"product_cat","embeddable":true,"href":"https:\/\/www.7gr.it\/en\/wp-json\/wp\/v2\/product_cat?post=23004"},{"taxonomy":"product_tag","embeddable":true,"href":"https:\/\/www.7gr.it\/en\/wp-json\/wp\/v2\/product_tag?post=23004"}],"curies":[{"name":"wp","href":"https:\/\/api.w.org\/{rel}","templated":true}]}}